{"id":1196,"date":"2022-04-01T15:31:45","date_gmt":"2022-04-01T15:31:45","guid":{"rendered":"https:\/\/wpriverthemes.com\/aveit\/?page_id=1196"},"modified":"2025-07-10T10:27:38","modified_gmt":"2025-07-10T13:27:38","slug":"op-it-solution-h4","status":"publish","type":"page","link":"https:\/\/desafio.somosluminas.com\/","title":{"rendered":"OP IT Solution H4"},"content":{"rendered":"\t\t<div data-elementor-type=\"wp-page\" data-elementor-id=\"1196\" class=\"elementor elementor-1196\">\n\t\t\t\t\t\t<section class=\"elementor-section elementor-top-section elementor-element elementor-element-6823cac elementor-section-full_width elementor-section-height-default elementor-section-height-default\" data-id=\"6823cac\" data-element_type=\"section\">\n\t\t\t\t\t\t<div class=\"elementor-container elementor-column-gap-default\">\n\t\t\t\t\t<div class=\"elementor-column elementor-col-100 elementor-top-column elementor-element elementor-element-5415305\" data-id=\"5415305\" data-element_type=\"column\">\n\t\t\t<div class=\"elementor-widget-wrap elementor-element-populated\">\n\t\t\t\t\t\t<div class=\"elementor-element elementor-element-19d0d9c elementor-widget elementor-widget-ith4hero\" data-id=\"19d0d9c\" data-element_type=\"widget\" id=\"home\" data-widget_type=\"ith4hero.default\">\n\t\t\t\t<div class=\"elementor-widget-container\">\n\t\t\t\t\t\n        <!-- Start Banner \n    ============================================= -->\n    <div class=\"banner-area shadow it-banner dark bg-cover text-light\" style=\"background-image: url(https:\/\/desafio.somosluminas.com\/wp-content\/uploads\/2025\/06\/foto_banner_header.png);\">\n        <div class=\"item-box\">\n            <div class=\"item\">\n                <!-- Shape -->\n                <div class=\"sahpe\" style=\"background-image: url(https:\/\/desafio.somosluminas.com\/wp-content\/uploads\/2025\/06\/47-272x300-1.png);\"><\/div>\n                <!-- Shape -->\n                <div class=\"container\">\n                    <div class=\"row align-center\">\n                                        \n                        <div class=\"col-lg-6\">\n                            <div class=\"content\">\n                                <h4 class=\"wow fadeInUp\"> Curso GRATIS para Mujeres pasteleras que quieran transformar sus vidas<\/h4>\n                                <h2 class=\"wow fadeInDown\">TRES D\u00cdAS PARA ARMAR TU PROPIO NEGOCIO DE PASTELER\u00cdA <strong>CON ALMA CUERPO Y PROP\u00d3SITO<\/strong><\/h2>\n                                <p class=\"wow fadeInLeft\">\n                                     \n                                <\/p>\n                                <a class=\"btn btn-theme effect btn-md wow fadeInUp\" href=\"\">Llen\u00e1 el formulario y particp\u00e1 <i class=\"arrow_right\"><\/i><\/a>\n                            <\/div>\n                        <\/div>\n                        <!-- Start Appoinment Form -->\n                        <div class=\"col-lg-5 offset-lg-1 appoinment\">\n                            <div class=\"appoinment-box text-center\">\n                                <div class=\"heading\">\n                                    <h4>\u00a1RESERV\u00c1 TU LUGAR!<\/h4>\n                                    <p>\n                                        Curso online en vivo del 3 al 5 de Julio por Zoom. \n\ud83d\udc49  Te enviaremos el link de acceso a tu email.                                    <\/p>\n                                <\/div>\n                                    \n<div class=\"wpcf7 no-js\" id=\"wpcf7-f495-o1\" lang=\"en-US\" dir=\"ltr\" data-wpcf7-id=\"495\">\n<div class=\"screen-reader-response\"><p role=\"status\" aria-live=\"polite\" aria-atomic=\"true\"><\/p> <ul><\/ul><\/div>\n<form action=\"\/index.php\/wp-json\/wp\/v2\/pages\/1196#wpcf7-f495-o1\" method=\"post\" class=\"wpcf7-form init\" aria-label=\"Contact form\" novalidate=\"novalidate\" data-status=\"init\">\n<div style=\"display: none;\">\n<input type=\"hidden\" name=\"_wpcf7\" value=\"495\" \/>\n<input type=\"hidden\" name=\"_wpcf7_version\" value=\"6.0.6\" \/>\n<input type=\"hidden\" name=\"_wpcf7_locale\" value=\"en_US\" \/>\n<input type=\"hidden\" name=\"_wpcf7_unit_tag\" value=\"wpcf7-f495-o1\" \/>\n<input type=\"hidden\" name=\"_wpcf7_container_post\" value=\"0\" \/>\n<input type=\"hidden\" name=\"_wpcf7_posted_data_hash\" value=\"\" \/>\n<\/div>\n<div class=\"row\">\n\t<div class=\"col-lg-12\">\n\t\t<div class=\"form-group\">\n\t\t\t<p><span class=\"wpcf7-form-control-wrap\" data-name=\"your-name\"><input size=\"40\" maxlength=\"400\" class=\"wpcf7-form-control wpcf7-text wpcf7-validates-as-required form-control\" id=\"name\" aria-required=\"true\" aria-invalid=\"false\" placeholder=\"Nombre\" value=\"\" type=\"text\" name=\"your-name\" \/><\/span>\n\t\t\t<\/p>\n\t\t<\/div>\n\t<\/div>\n\t<div class=\"col-lg-12\">\n\t\t<div class=\"form-group\">\n\t\t\t<p><span class=\"wpcf7-form-control-wrap\" data-name=\"email\"><input size=\"40\" maxlength=\"400\" class=\"wpcf7-form-control wpcf7-email wpcf7-validates-as-required wpcf7-text wpcf7-validates-as-email form-control\" id=\"email\" aria-required=\"true\" aria-invalid=\"false\" placeholder=\"Email*\" value=\"\" type=\"email\" name=\"email\" \/><\/span>\n\t\t\t<\/p>\n\t\t<\/div>\n\t<\/div>\n\t<div class=\"col-lg-12\">\n\t\t<div class=\"form-group\">\n\t\t<\/div>\n\t<\/div>\n\t<div class=\"col-lg-12\">\n\t\t<p><button type=\"submit\" name=\"submit\" id=\"submit\">Reservar mi lugar GRATIS<\/button>\n\t\t<\/p>\n\t<\/div>\n<\/div><div class=\"wpcf7-response-output\" aria-hidden=\"true\"><\/div>\n<\/form>\n<\/div>\n                            <\/div>\n                        <\/div>\n                        <!-- End Appoinment Form -->\n\n                    <\/div>\n                <\/div>\n            <\/div>\n        <\/div>\n    <\/div>\n    <!-- End Banner -->\n\n    \t\t\t\t<\/div>\n\t\t\t\t<\/div>\n\t\t\t\t\t<\/div>\n\t\t<\/div>\n\t\t\t\t\t<\/div>\n\t\t<\/section>\n\t\t\t\t<section class=\"elementor-section elementor-top-section elementor-element elementor-element-d48f72f elementor-section-full_width elementor-section-height-default elementor-section-height-default\" data-id=\"d48f72f\" data-element_type=\"section\">\n\t\t\t\t\t\t<div class=\"elementor-container elementor-column-gap-default\">\n\t\t\t\t\t<div class=\"elementor-column elementor-col-100 elementor-top-column elementor-element elementor-element-186babc\" data-id=\"186babc\" data-element_type=\"column\">\n\t\t\t<div class=\"elementor-widget-wrap elementor-element-populated\">\n\t\t\t\t\t\t<div class=\"elementor-element elementor-element-67fcb6e elementor-widget-divider--view-line elementor-widget elementor-widget-divider\" data-id=\"67fcb6e\" data-element_type=\"widget\" data-widget_type=\"divider.default\">\n\t\t\t\t<div class=\"elementor-widget-container\">\n\t\t\t\t\t\t\t<div class=\"elementor-divider\">\n\t\t\t<span class=\"elementor-divider-separator\">\n\t\t\t\t\t\t<\/span>\n\t\t<\/div>\n\t\t\t\t\t\t<\/div>\n\t\t\t\t<\/div>\n\t\t\t\t\t<\/div>\n\t\t<\/div>\n\t\t\t\t\t<\/div>\n\t\t<\/section>\n\t\t\t\t<section class=\"elementor-section elementor-top-section elementor-element elementor-element-6beddbf elementor-section-full_width elementor-section-height-default elementor-section-height-default\" data-id=\"6beddbf\" data-element_type=\"section\" id=\"services\">\n\t\t\t\t\t\t<div class=\"elementor-container elementor-column-gap-default\">\n\t\t\t\t\t<div class=\"elementor-column elementor-col-100 elementor-top-column elementor-element elementor-element-b259dee\" data-id=\"b259dee\" data-element_type=\"column\">\n\t\t\t<div class=\"elementor-widget-wrap elementor-element-populated\">\n\t\t\t\t\t\t<div class=\"elementor-element elementor-element-df6cc50 elementor-widget elementor-widget-ITH4Services\" data-id=\"df6cc50\" data-element_type=\"widget\" data-widget_type=\"ITH4Services.default\">\n\t\t\t\t<div class=\"elementor-widget-container\">\n\t\t\t\t\t\n        <!-- Star Services\n    ============================================= -->\n    <div class=\"services-list-area it-services carousel-shadow overflow-hidden default-padding-bottom bottom-less\">\n        <div class=\"container\">\n            <div class=\"row\">\n                <div class=\"col-lg-6 offset-lg-3\">\n                    <div class=\"heading-center text-center\">\n                        <h5>EN ESTA COMUNIDAD DE MUJERES<\/h5>\n                        <h2>VAMOS A TRABAJAR JUNTAS TU MOTIVACI\u00d3N Y TUS MIEDOS PARA CONVERTIR TU PASI\u00d3N EN UN NEGOCIO<\/h2>\n                    <\/div>\n                <\/div>\n            <\/div>\n        <\/div>\n        <div class=\"container\">\n            <div class=\"services-list-items services-default-carousel owl-carousel owl-theme\">\n              \n                <!-- Single Item -->\n                <div class=\"item\">\n                    <div class=\"top\">\n                        <i class=\"flaticon-secure\"><\/i>\n                        <h4>Clases en Vivo<\/h4>\n                    <\/div>\n                    <p>\n                        60 minutos por dia durante 3 d\u00edas por Zoom con Yanina Brandeker.                    <\/p>\n                                    <\/div>\n                <!-- End Single Item -->  \n                <!-- Single Item -->\n                <div class=\"item\">\n                    <div class=\"top\">\n                        <i class=\"flaticon-secure\"><\/i>\n                        <h4>Accede a la Comunidad<\/h4>\n                    <\/div>\n                    <p>\n                        Seras incluido en un grupo de Whatsapp exclusivo para participantes de este curso                    <\/p>\n                                    <\/div>\n                <!-- End Single Item -->  \n                <!-- Single Item -->\n                <div class=\"item\">\n                    <div class=\"top\">\n                        <i class=\"flaticon-secure\"><\/i>\n                        <h4>Ejercicios pr\u00e1cticos<\/h4>\n                    <\/div>\n                    <p>\n                        Recibir\u00e1s gratis una gu\u00eda de trabajo con ejercicios simple para implementar cada d\u00eda del curso.                    <\/p>\n                                    <\/div>\n                <!-- End Single Item -->  \n                <!-- Single Item -->\n                <div class=\"item\">\n                    <div class=\"top\">\n                        <i class=\"flaticon-seo\"><\/i>\n                        <h4>Tiempo Limitado<\/h4>\n                    <\/div>\n                    <p>\n                        Podr\u00e1s ver la repetici\u00f3n solo por unos pocos d\u00edas. \u00a1Acced\u00e9 ahora!                    <\/p>\n                                    <\/div>\n                <!-- End Single Item -->                \n            <\/div>\n        <\/div>\n    <\/div>\n    <!-- End Services -->\n\n    \t\t\t\t<\/div>\n\t\t\t\t<\/div>\n\t\t\t\t\t<\/div>\n\t\t<\/div>\n\t\t\t\t\t<\/div>\n\t\t<\/section>\n\t\t\t\t<section class=\"elementor-section elementor-top-section elementor-element elementor-element-b7192ff elementor-section-full_width elementor-section-height-default elementor-section-height-default\" data-id=\"b7192ff\" data-element_type=\"section\">\n\t\t\t\t\t\t<div class=\"elementor-container elementor-column-gap-default\">\n\t\t\t\t\t<div class=\"elementor-column elementor-col-100 elementor-top-column elementor-element elementor-element-916f676\" data-id=\"916f676\" data-element_type=\"column\">\n\t\t\t<div class=\"elementor-widget-wrap elementor-element-populated\">\n\t\t\t\t\t\t<div class=\"elementor-element elementor-element-61ee873 elementor-widget elementor-widget-ITH4about\" data-id=\"61ee873\" data-element_type=\"widget\" id=\"about\" data-widget_type=\"ITH4about.default\">\n\t\t\t\t<div class=\"elementor-widget-container\">\n\t\t\t\t\t\n        <!-- Start About\n    ============================================= -->\n    <div class=\"about-us-content-area overflow-hidden default-padding\">\n        <div class=\"container\">\n            <div class=\"about-items\">\n                <div class=\"row align-center\">\n\n                    <!-- Thumb -->\n                    <div class=\"col-lg-6\">\n                        <div class=\"thumb\">\n                            <img decoding=\"async\" src=\"https:\/\/desafio.somosluminas.com\/wp-content\/uploads\/2025\/05\/foto_Yani.jpg\" alt=\"Thumb\">\n                            <div class=\"overlay\">\n                                <h2><strong>GRATIS<span><\/span><\/strong> <\/h2>\n                            <\/div>\n                        <\/div>\n                    <\/div>\n                    <!-- End Thumb -->\n\n                    <div class=\"col-lg-6\">\n                        <div class=\"content\">\n                            <h5>Sobre mi...<\/h5>\n                            <h2>Soy Yanina Brandeker fundadora de L\u00famina<\/h2>\n                            <p>\n                                ..y en este curso te voy a compartir las herramientas que me llevaron a tranformarme para tener mi negocio pastelero armado, ganando dinero para vivir como me gusta.                             <\/p>\n                            <ul>\n                                                            <li>\n                                    <h5>Clave 1<\/h5>\n                                    <p>\n                                        Descubrir qui\u00e9n sos, qu\u00e9 te apasiona y como transformar tu historia personal en la base de tu emprendimiento. \n                                    <\/p>\n                                <\/li>                                <li>\n                                    <h5>Clave 2<\/h5>\n                                    <p>\n                                        Descubrir Cuales son las Creencias que no te est\u00e1n Permitiendo Avanzar. \n                                    <\/p>\n                                <\/li>                                <li>\n                                    <h5>Clave 3<\/h5>\n                                    <p>\n                                        C\u00f3mo pasar del MIEDO a la acci\u00f3n. \n                                    <\/p>\n                                <\/li>                                <li>\n                                    <h5>Clave 4<\/h5>\n                                    <p>\n                                        Herramientas efectivas para empezar a mostrarte, tu primer paso digital. Atraer clientes con estrategias simples y efectivas. \n                                    <\/p>\n                                <\/li>                            <\/ul>\n                        <\/div>\n                    <\/div>\n                    \n                <\/div>\n            <\/div>\n        <\/div>\n    <\/div>\n    <!-- End About -->\n\n    \t\t\t\t<\/div>\n\t\t\t\t<\/div>\n\t\t\t\t\t<\/div>\n\t\t<\/div>\n\t\t\t\t\t<\/div>\n\t\t<\/section>\n\t\t\t\t<section class=\"elementor-section elementor-top-section elementor-element elementor-element-df6248f elementor-section-full_width elementor-section-height-default elementor-section-height-default\" data-id=\"df6248f\" data-element_type=\"section\">\n\t\t\t\t\t\t<div class=\"elementor-container elementor-column-gap-default\">\n\t\t\t\t\t<div class=\"elementor-column elementor-col-100 elementor-top-column elementor-element elementor-element-85ec07d\" data-id=\"85ec07d\" data-element_type=\"column\">\n\t\t\t<div class=\"elementor-widget-wrap\">\n\t\t\t\t\t\t\t<\/div>\n\t\t<\/div>\n\t\t\t\t\t<\/div>\n\t\t<\/section>\n\t\t\t\t<section class=\"elementor-section elementor-top-section elementor-element elementor-element-fb26556 elementor-section-full_width elementor-section-height-default elementor-section-height-default\" data-id=\"fb26556\" data-element_type=\"section\">\n\t\t\t\t\t\t<div class=\"elementor-container elementor-column-gap-default\">\n\t\t\t\t\t<div class=\"elementor-column elementor-col-100 elementor-top-column elementor-element elementor-element-6eb41a7\" data-id=\"6eb41a7\" data-element_type=\"column\">\n\t\t\t<div class=\"elementor-widget-wrap elementor-element-populated\">\n\t\t\t\t\t\t<div class=\"elementor-element elementor-element-794ef65 elementor-widget elementor-widget-ITH4banner\" data-id=\"794ef65\" data-element_type=\"widget\" data-widget_type=\"ITH4banner.default\">\n\t\t\t\t<div class=\"elementor-widget-container\">\n\t\t\t\t\t\n        <!-- Start Fun Factor \n    ============================================= -->\n    <div class=\"quick-contact-area shadow theme-hard bg-fixed text-light default-padding\" style=\"background-image: url(http:\/\/localhost\/canela\/wp-content\/uploads\/2025\/06\/foto_banner_footer.png);\">\n        <div class=\"container\">\n            <div class=\"row align-center\">\n                <div class=\"col-lg-6 left-info\">\n                    <h2>EMPRENDER NO DEBER\u00cdA DOLER<\/h2>\n                    <p>\n                         Transform\u00e1 tu hobby en un negocio rentable.                    <\/p>\n                    <ul>\n                                            <li>\n                            <div class=\"fun-fact\">\n                                <div class=\"counter\">\n                                    <div class=\"timer\" data-to=\"100\" data-speed=\"2000\">100<\/div>\n                                    <div class=\"operator\">%<\/div>\n                                <\/div>\n                                <span class=\"medium\">EFECTIVO<\/span>\n                            <\/div>\n                        <\/li>                    <\/ul>\n                <\/div>\n                <div class=\"col-lg-5 offset-lg-1 text-right\">\n                                        <a class=\"btn circle btn-light effect btn-md\" href=\"#\">RESERV\u00c1 TU LUGAR <i class=\"arrow_right\"><\/i><\/a>                <\/div>\n            <\/div>\n        <\/div>\n    <\/div>\n    <!-- End Fun Factor -->\n\n    \t\t\t\t<\/div>\n\t\t\t\t<\/div>\n\t\t\t\t\t<\/div>\n\t\t<\/div>\n\t\t\t\t\t<\/div>\n\t\t<\/section>\n\t\t\t\t<\/div>\n\t\t","protected":false},"excerpt":{"rendered":"<p>Curso GRATIS para Mujeres pasteleras que quieran transformar sus vidas TRES D\u00cdAS PARA ARMAR TU PROPIO NEGOCIO DE PASTELER\u00cdA CON ALMA CUERPO Y PROP\u00d3SITO Llen\u00e1 el formulario y particp\u00e1 \u00a1RESERV\u00c1 TU LUGAR! Curso online en vivo del 3 al 5 de Julio por Zoom. \ud83d\udc49 Te enviaremos el link de acceso a tu email. Reservar [&hellip;]<\/p>\n","protected":false},"author":1,"featured_media":0,"parent":0,"menu_order":0,"comment_status":"closed","ping_status":"closed","template":"page-templates\/itsolution.php","meta":{"footnotes":""},"class_list":["post-1196","page","type-page","status-publish","hentry"],"_links":{"self":[{"href":"https:\/\/desafio.somosluminas.com\/index.php\/wp-json\/wp\/v2\/pages\/1196","targetHints":{"allow":["GET"]}}],"collection":[{"href":"https:\/\/desafio.somosluminas.com\/index.php\/wp-json\/wp\/v2\/pages"}],"about":[{"href":"https:\/\/desafio.somosluminas.com\/index.php\/wp-json\/wp\/v2\/types\/page"}],"author":[{"embeddable":true,"href":"https:\/\/desafio.somosluminas.com\/index.php\/wp-json\/wp\/v2\/users\/1"}],"replies":[{"embeddable":true,"href":"https:\/\/desafio.somosluminas.com\/index.php\/wp-json\/wp\/v2\/comments?post=1196"}],"version-history":[{"count":67,"href":"https:\/\/desafio.somosluminas.com\/index.php\/wp-json\/wp\/v2\/pages\/1196\/revisions"}],"predecessor-version":[{"id":2087,"href":"https:\/\/desafio.somosluminas.com\/index.php\/wp-json\/wp\/v2\/pages\/1196\/revisions\/2087"}],"wp:attachment":[{"href":"https:\/\/desafio.somosluminas.com\/index.php\/wp-json\/wp\/v2\/media?parent=1196"}],"curies":[{"name":"wp","href":"https:\/\/api.w.org\/{rel}","templated":true}]}}